{"id":20,"date":"2015-06-01T09:21:01","date_gmt":"2015-06-01T09:21:01","guid":{"rendered":"http:\/\/moholmenmarina.no\/?page_id=20"},"modified":"2022-05-24T12:12:26","modified_gmt":"2022-05-24T10:12:26","slug":"bathuset","status":"publish","type":"page","link":"http:\/\/moholmenmarina.no\/index.php\/bathuset\/","title":{"rendered":"B\u00e5thuset"},"content":{"rendered":"<p>B\u00e5thuset er marinaens servicehus. Der er det mulighet for \u00e5 l\u00e5ne n\u00f8kkel for \u00e5 dusje.<br \/>\nN\u00f8kkel f\u00e5r man ved \u00e5 ringe vakttelefonen.<\/p>\n<p><a href=\"http:\/\/moholmenmarina.no\/wp-content\/uploads\/2015\/05\/2.jpg\"><img loading=\"lazy\" decoding=\"async\" class=\"alignnone size-thumbnail wp-image-165\" src=\"http:\/\/moholmenmarina.no\/wp-content\/uploads\/2015\/05\/2-150x150.jpg\" alt=\"2\" width=\"150\" height=\"150\" \/><\/a>\u00a0<a href=\"http:\/\/moholmenmarina.no\/wp-content\/uploads\/2015\/06\/6.jpg\"><img loading=\"lazy\" decoding=\"async\" class=\"alignnone size-thumbnail wp-image-171\" src=\"http:\/\/moholmenmarina.no\/wp-content\/uploads\/2015\/06\/6-150x150.jpg\" alt=\"6\" width=\"150\" height=\"150\" \/><\/a>\u00a0<a href=\"http:\/\/moholmenmarina.no\/wp-content\/uploads\/2015\/06\/7.jpg\"><img loading=\"lazy\" decoding=\"async\" class=\"alignnone size-thumbnail wp-image-172\" src=\"http:\/\/moholmenmarina.no\/wp-content\/uploads\/2015\/06\/7-150x150.jpg\" alt=\"7\" width=\"150\" height=\"150\" \/><\/a><\/p>\n<p><strong>Utleie<\/strong><br \/>\nB\u00e5thuset har ogs\u00e5 en storstue og kj\u00f8kken som leies ut som selskapslokale.<br \/>\nDet er plass til ca 40 personer alt avhengig av hvilket arrangement det er snakk om.<br \/>\nDet leies i hovedsakelig ut til stordager som 40, 50 \u00e5rsdagen osv. Det leies ogs\u00e5 ut til barned\u00e5per, konfirmasjon, minnestunder og bryllup.<br \/>\nDet leies ogs\u00e5 ut i ukedagene til bedrifter og foreninger som vil arrangere m\u00f8ter\/kurs.<br \/>\nVi har alt av husker\u00e5d som middags\/kaffeservice, dessertsk\u00e5ler, vinglass osv. som m\u00e5 til for \u00e5 arrangere et selskap.<br \/>\nLokalet holder h\u00f8y standard og er meget ettertraktet.<\/p>\n<p>Pris for leie av lokalet er:<br \/>\nHelg: Fredag -S\u00f8ndag. Kr. 4.500,-<br \/>\nUkedager: Kr. 3.000,- for enkeltdag. Ved leie flere dager sammenhengende gis pris p\u00e5 foresp\u00f8rsel. Prisen innkluderer vask av gulv og toaletter.<br \/>\nLangtidsleie: Pris etter avtale.<\/p>\n<p>For n\u00e6rmere info kan Odd Asbj\u00f8rn Andreassen kontaktes p\u00e5 telefon 95235550 .<\/p>\n","protected":false},"excerpt":{"rendered":"<p>B\u00e5thuset er marinaens servicehus. Der er det mulighet for \u00e5 l\u00e5ne n\u00f8kkel for \u00e5 dusje. N\u00f8kkel f\u00e5r man ved \u00e5 ringe vakttelefonen. \u00a0\u00a0 Utleie B\u00e5thuset har ogs\u00e5 en storstue og kj\u00f8kken som leies ut som selskapslokale. Det er plass til ca 40 personer alt avhengig av hvilket arrangement det er snakk om. Det leies i &#8230; <a class=\"read-more\" href=\"http:\/\/moholmenmarina.no\/index.php\/bathuset\/\">Read more&#8230;<\/a><\/p>\n","protected":false},"author":1,"featured_media":0,"parent":0,"menu_order":0,"comment_status":"closed","ping_status":"open","template":"","meta":{"footnotes":""},"class_list":["post-20","page","type-page","status-publish"],"_links":{"self":[{"href":"http:\/\/moholmenmarina.no\/index.php\/wp-json\/wp\/v2\/pages\/20","targetHints":{"allow":["GET"]}}],"collection":[{"href":"http:\/\/moholmenmarina.no\/index.php\/wp-json\/wp\/v2\/pages"}],"about":[{"href":"http:\/\/moholmenmarina.no\/index.php\/wp-json\/wp\/v2\/types\/page"}],"author":[{"embeddable":true,"href":"http:\/\/moholmenmarina.no\/index.php\/wp-json\/wp\/v2\/users\/1"}],"replies":[{"embeddable":true,"href":"http:\/\/moholmenmarina.no\/index.php\/wp-json\/wp\/v2\/comments?post=20"}],"version-history":[{"count":14,"href":"http:\/\/moholmenmarina.no\/index.php\/wp-json\/wp\/v2\/pages\/20\/revisions"}],"predecessor-version":[{"id":194,"href":"http:\/\/moholmenmarina.no\/index.php\/wp-json\/wp\/v2\/pages\/20\/revisions\/194"}],"wp:attachment":[{"href":"http:\/\/moholmenmarina.no\/index.php\/wp-json\/wp\/v2\/media?parent=20"}],"curies":[{"name":"wp","href":"https:\/\/api.w.org\/{rel}","templated":true}]}}